{"id":244,"date":"2017-01-30T15:52:45","date_gmt":"2017-01-30T15:52:45","guid":{"rendered":"https:\/\/bilimnetteknoloji.com\/?page_id=244"},"modified":"2025-03-12T10:55:51","modified_gmt":"2025-03-12T07:55:51","slug":"home-fullwide","status":"publish","type":"page","link":"https:\/\/bilimnetteknoloji.com\/","title":{"rendered":"Ana Sayfa"},"content":{"rendered":"<p>[vc_row css=&#8221;.vc_custom_1488450671777{padding-top: 0px !important;padding-bottom: 0px !important;}&#8221;][vc_column]<div id=\"widget_slider_1539690052\" class=\"widget_area sc_widget_slider vc_widget_slider wpb_content_element\"><aside id=\"widget_slider_1539690052_widget\" class=\"widget widget_slider\">\t\t\t<div class=\"slider_wrap slider_engine_revo slider_alias_slider-1\">\r\n\t\t\t\t<!-- START Slider1 REVOLUTION SLIDER 6.1.5 --><p class=\"rs-p-wp-fix\"><\/p>\n\t\t\t<rs-module-wrap id=\"rev_slider_1_1_wrapper\" data-source=\"gallery\" style=\"background:#FFFFFF;padding:0;margin:0px auto;margin-top:0;margin-bottom:0;\">\n\t\t\t\t<rs-module id=\"rev_slider_1_1\" style=\"display:none;\" data-version=\"6.1.5\">\n\t\t\t\t\t<rs-slides>\n\t\t\t\t\t\t<rs-slide data-key=\"rs-1\" data-title=\"slide\" data-thumb=\"\/\/bilimnetteknoloji.com\/wp-content\/uploads\/2017\/01\/slide-1-100x50.jpg\" data-duration=\"8990.000305175781\" data-anim=\"ei:d;eo:d;s:1000;r:0;t:fade;sl:0;\" data-firstanim=\"t:fade;s:300;sl:5;\">\n\t\t\t\t\t\t\t<img loading=\"lazy\" decoding=\"async\" src=\"\/\/bilimnetteknoloji.com\/wp-content\/plugins\/revslider\/public\/assets\/assets\/dummy.png\" title=\"slide-1\" width=\"1903\" height=\"661\" data-lazyload=\"\/\/bilimnetteknoloji.com\/wp-content\/uploads\/2017\/01\/slide-1.jpg\" data-bg=\"p:center top;\" class=\"rev-slidebg\" data-no-retina>\n<!--\n\t\t\t\t\t\t\t--><rs-layer\n\t\t\t\t\t\t\t\tid=\"slider-1-slide-1-layer-1\" \n\t\t\t\t\t\t\t\tdata-type=\"text\"\n\t\t\t\t\t\t\t\tdata-color=\"rgba(41,39,52,1)||rgba(41,39,52,1)||rgba(255,255,255,1)||rgba(255,255,255,1)\"\n\t\t\t\t\t\t\t\tdata-rsp_ch=\"on\"\n\t\t\t\t\t\t\t\tdata-xy=\"x:r,r,r,c;xo:441px,0,0,0;y:m;yo:-218px,-144px,-134px,-128px;\"\n\t\t\t\t\t\t\t\tdata-text=\"s:30;l:30;fw:200;a:center;\"\n\t\t\t\t\t\t\t\tdata-dim=\"w:590px,520px,778px,474px;h:52px,49px,31px,50px;\"\n\t\t\t\t\t\t\t\tdata-frame_1=\"st:1000;sp:1500;sR:1000;\"\n\t\t\t\t\t\t\t\tdata-frame_999=\"o:0;st:w;sR:6490;\"\n\t\t\t\t\t\t\t\tstyle=\"z-index:1;font-family:Titillium Web;\"\n\t\t\t\t\t\t\t>Fabrikalar,Sanayi Tesisleri,Siteler,Oteller,Hastaneler,E\u011fitim Kurumlar\u0131 \n\t\t\t\t\t\t\t<\/rs-layer><!--\n\n\t\t\t\t\t\t\t--><rs-layer\n\t\t\t\t\t\t\t\tid=\"slider-1-slide-1-layer-2\" \n\t\t\t\t\t\t\t\tdata-type=\"text\"\n\t\t\t\t\t\t\t\tdata-color=\"rgba(255,255,255,1)\"\n\t\t\t\t\t\t\t\tdata-rsp_ch=\"on\"\n\t\t\t\t\t\t\t\tdata-xy=\"x:r,r,r,c;xo:433px,0,0,0;y:m;yo:-269px,-40px,-18px,-5px;\"\n\t\t\t\t\t\t\t\tdata-text=\"w:nowrap,normal,nowrap,nowrap;s:38,79,79,60;l:38,80,80,80;fw:300,300,200,200;a:center;\"\n\t\t\t\t\t\t\t\tdata-dim=\"w:394,520px,778px,478px;h:auto,auto,auto,200px;\"\n\t\t\t\t\t\t\t\tdata-frame_1=\"st:1000;sp:1500;sR:1000;\"\n\t\t\t\t\t\t\t\tdata-frame_999=\"o:0;st:w;sR:6490;\"\n\t\t\t\t\t\t\t\tstyle=\"z-index:9;font-family:Titillium Web;\"\n\t\t\t\t\t\t\t>Yang\u0131n Alarm Sistemleri \n\t\t\t\t\t\t\t<\/rs-layer><!--\n\n\t\t\t\t\t\t\t--><a\n\t\t\t\t\t\t\t\tid=\"slider-1-slide-1-layer-3\" \n\t\t\t\t\t\t\t\tclass=\"rs-layer rev-btn\"\n\t\t\t\t\t\t\t\thref=\"https:\/\/hotlock.axiomthemes.com\/our-services\/\" target=\"_self\"\n\t\t\t\t\t\t\t\tdata-type=\"button\"\n\t\t\t\t\t\t\t\tdata-color=\"rgba(255,255,255,1)\"\n\t\t\t\t\t\t\t\tdata-xy=\"x:c;xo:324px,251px,0,0;yo:400px,380px,350px,280px;\"\n\t\t\t\t\t\t\t\tdata-text=\"s:12;l:36;ls:3px,0px,0px,0px;fw:600;a:center;\"\n\t\t\t\t\t\t\t\tdata-dim=\"w:215px,215px,215px,140px;h:60px,60px,60px,50px;\"\n\t\t\t\t\t\t\t\tdata-rsp_bd=\"off\"\n\t\t\t\t\t\t\t\tdata-padding=\"t:12,12,12,6;r:35,35,35,25;b:12,12,12,6;l:35,35,35,25;\"\n\t\t\t\t\t\t\t\tdata-frame_1=\"st:1020;sp:1500;sR:1020;\"\n\t\t\t\t\t\t\t\tdata-frame_999=\"o:0;st:w;sR:6470;\"\n\t\t\t\t\t\t\t\tdata-frame_hover=\"c:#292734;bgc:#ffd200;boc:#000;bor:0px,0px,0px,0px;bos:solid;oX:50;oY:50;sp:300ms;\"\n\t\t\t\t\t\t\t\tstyle=\"z-index:10;background-color:rgba(41,39,52,1);font-family:Titillium Web;text-transform:uppercase;cursor:pointer;outline:none;box-shadow:none;box-sizing:border-box;-moz-box-sizing:border-box;-webkit-box-sizing:border-box;\"\n\t\t\t\t\t\t\t>Hemen Teklif Al \n\t\t\t\t\t\t\t<\/a><!--\n-->\t\t\t\t\t\t<\/rs-slide>\n\t\t\t\t\t\t<rs-slide data-key=\"rs-2\" data-title=\"slide\" data-thumb=\"\/\/bilimnetteknoloji.com\/wp-content\/uploads\/2017\/01\/slide-2.jpg\" data-duration=\"8990.000305175781\" data-anim=\"ei:d;eo:d;s:1000;r:0;t:fade;sl:0;\">\n\t\t\t\t\t\t\t<img loading=\"lazy\" decoding=\"async\" src=\"\/\/bilimnetteknoloji.com\/wp-content\/plugins\/revslider\/public\/assets\/assets\/dummy.png\" title=\"slide-2\" width=\"1903\" height=\"661\" data-lazyload=\"\/\/bilimnetteknoloji.com\/wp-content\/plugins\/revslider\/public\/assets\/assets\/transparent.png\" data-bg=\"p:center top;c:#ffd530;\" class=\"rev-slidebg\" data-no-retina>\n<!--\n\t\t\t\t\t\t\t--><rs-layer\n\t\t\t\t\t\t\t\tid=\"slider-1-slide-2-layer-1\" \n\t\t\t\t\t\t\t\tdata-type=\"text\"\n\t\t\t\t\t\t\t\tdata-color=\"#ffffff||#ffffff||rgba(255,255,255,1)||rgba(255,255,255,1)\"\n\t\t\t\t\t\t\t\tdata-rsp_ch=\"on\"\n\t\t\t\t\t\t\t\tdata-xy=\"x:l,l,r,c;xo:720px,720px,0,0;y:m;yo:-82px,-82px,-124px,-128px;\"\n\t\t\t\t\t\t\t\tdata-text=\"s:30;l:30;fw:200;a:center;\"\n\t\t\t\t\t\t\t\tdata-dim=\"w:500px,500px,778px,480px;h:49px,49px,52px,50px;\"\n\t\t\t\t\t\t\t\tdata-frame_1=\"st:1000;sp:1500;sR:1000;\"\n\t\t\t\t\t\t\t\tdata-frame_999=\"o:0;st:w;sR:6490;\"\n\t\t\t\t\t\t\t\tstyle=\"z-index:8;font-family:Titillium Web;\"\n\t\t\t\t\t\t\t>Ge\u00e7i\u015f Kontrol Sistemleri \n\t\t\t\t\t\t\t<\/rs-layer><!--\n\n\t\t\t\t\t\t\t--><rs-layer\n\t\t\t\t\t\t\t\tid=\"slider-1-slide-2-layer-2\" \n\t\t\t\t\t\t\t\tdata-type=\"text\"\n\t\t\t\t\t\t\t\tdata-color=\"rgba(255,255,255,1)\"\n\t\t\t\t\t\t\t\tdata-rsp_ch=\"on\"\n\t\t\t\t\t\t\t\tdata-xy=\"x:l,l,l,c;xo:765px,765px,0,0;y:m;yo:-4px,-4px,0,-5px;\"\n\t\t\t\t\t\t\t\tdata-text=\"s:36,36,79,60;l:36,36,80,80;fw:300,300,300,200;a:center;\"\n\t\t\t\t\t\t\t\tdata-dim=\"w:227,227,778px,480px;h:92,200px,201px,200px;\"\n\t\t\t\t\t\t\t\tdata-frame_1=\"st:1000;sp:1500;sR:1000;\"\n\t\t\t\t\t\t\t\tdata-frame_999=\"o:0;st:w;sR:6490;\"\n\t\t\t\t\t\t\t\tstyle=\"z-index:9;font-family:Titillium Web;\"\n\t\t\t\t\t\t\t>T\u00fcm Ge\u00e7i\u015fler\nKontrol\u00fcn\u00fczde \n\t\t\t\t\t\t\t<\/rs-layer><!--\n\n\t\t\t\t\t\t\t--><a\n\t\t\t\t\t\t\t\tid=\"slider-1-slide-2-layer-3\" \n\t\t\t\t\t\t\t\tclass=\"rs-layer rev-btn\"\n\t\t\t\t\t\t\t\thref=\"https:\/\/hotlock.axiomthemes.com\/our-services\/\" target=\"_self\"\n\t\t\t\t\t\t\t\tdata-type=\"button\"\n\t\t\t\t\t\t\t\tdata-color=\"rgba(41,39,52,1)\"\n\t\t\t\t\t\t\t\tdata-xy=\"x:c;xo:345px,-262px,0,0;yo:355px,400px,351px,280px;\"\n\t\t\t\t\t\t\t\tdata-text=\"s:12;l:36;ls:3px,0px,0px,0px;fw:600;a:center;\"\n\t\t\t\t\t\t\t\tdata-dim=\"w:190px,190px,190px,140px;h:61px,61px,61px,50px;\"\n\t\t\t\t\t\t\t\tdata-rsp_bd=\"off\"\n\t\t\t\t\t\t\t\tdata-padding=\"t:12,12,12,6;r:35,35,35,25;b:12,12,12,6;l:35,35,35,25;\"\n\t\t\t\t\t\t\t\tdata-frame_1=\"st:1000;sp:1500;sR:1000;\"\n\t\t\t\t\t\t\t\tdata-frame_999=\"o:0;st:w;sR:6490;\"\n\t\t\t\t\t\t\t\tdata-frame_hover=\"c:#fff;bgc:#292734;boc:#000;bor:0px,0px,0px,0px;bos:solid;oX:50;oY:50;sp:300ms;\"\n\t\t\t\t\t\t\t\tstyle=\"z-index:10;background-color:#ffffff;font-family:Titillium Web;text-transform:uppercase;cursor:pointer;outline:none;box-shadow:none;box-sizing:border-box;-moz-box-sizing:border-box;-webkit-box-sizing:border-box;\"\n\t\t\t\t\t\t\t>Hemen Teklif Al \n\t\t\t\t\t\t\t<\/a><!--\n-->\t\t\t\t\t\t<\/rs-slide>\n\t\t\t\t\t\t<rs-slide data-key=\"rs-3\" data-title=\"slide\" data-thumb=\"\/\/bilimnetteknoloji.com\/wp-content\/uploads\/2017\/01\/slide-3.jpg\" data-duration=\"8990.000305175781\" data-anim=\"ei:d;eo:d;s:1000;r:0;t:fade;sl:0;\">\n\t\t\t\t\t\t\t<img loading=\"lazy\" decoding=\"async\" src=\"\/\/bilimnetteknoloji.com\/wp-content\/plugins\/revslider\/public\/assets\/assets\/dummy.png\" title=\"slide-3\" width=\"1903\" height=\"661\" data-lazyload=\"\/\/bilimnetteknoloji.com\/wp-content\/plugins\/revslider\/public\/assets\/assets\/transparent.png\" data-bg=\"p:center top;c:linear-gradient(rgba(255,219,76,1) 0%, rgba(255,205,2,1) 100%);\" class=\"rev-slidebg\" data-no-retina>\n<!--\n\t\t\t\t\t\t\t--><rs-layer\n\t\t\t\t\t\t\t\tid=\"slider-1-slide-3-layer-1\" \n\t\t\t\t\t\t\t\tdata-type=\"text\"\n\t\t\t\t\t\t\t\tdata-color=\"rgba(255,255,255,1)\"\n\t\t\t\t\t\t\t\tdata-rsp_ch=\"on\"\n\t\t\t\t\t\t\t\tdata-xy=\"x:r,r,c,c;xo:-17px,0,0,0;y:m;yo:-114px,-125px,-125px,-128px;\"\n\t\t\t\t\t\t\t\tdata-text=\"s:30;l:30;fw:200;a:center;\"\n\t\t\t\t\t\t\t\tdata-dim=\"w:590px,570px,778px,478px;h:55px,55px,51px,50px;\"\n\t\t\t\t\t\t\t\tdata-frame_0=\"o:1;\"\n\t\t\t\t\t\t\t\tdata-frame_0_chars=\"o:0;\"\n\t\t\t\t\t\t\t\tdata-frame_1=\"e:power4.inOut;sp:1980;sR:10;\"\n\t\t\t\t\t\t\t\tdata-frame_999=\"o:0;st:w;sR:6050;\"\n\t\t\t\t\t\t\t\tstyle=\"z-index:5;font-family:Titillium Web;\"\n\t\t\t\t\t\t\t>G\u00fcvenlik Kamera Sistemleri \n\t\t\t\t\t\t\t<\/rs-layer><!--\n\n\t\t\t\t\t\t\t--><rs-layer\n\t\t\t\t\t\t\t\tid=\"slider-1-slide-3-layer-2\" \n\t\t\t\t\t\t\t\tdata-type=\"text\"\n\t\t\t\t\t\t\t\tdata-color=\"rgba(255,255,255,1)\"\n\t\t\t\t\t\t\t\tdata-rsp_ch=\"on\"\n\t\t\t\t\t\t\t\tdata-xy=\"x:r,r,c,c;xo:196px,0,0,0;y:m;yo:-33px,0,3px,-5px;\"\n\t\t\t\t\t\t\t\tdata-text=\"s:42,79,79,60;l:42,80,80,80;fw:300,300,300,200;a:center;\"\n\t\t\t\t\t\t\t\tdata-dim=\"w:313,570px,778px,480px;h:106,200px,202px,200px;\"\n\t\t\t\t\t\t\t\tdata-frame_1=\"sp:1500;sR:10;\"\n\t\t\t\t\t\t\t\tdata-frame_999=\"o:0;st:w;sR:7480;\"\n\t\t\t\t\t\t\t\tstyle=\"z-index:6;font-family:Titillium Web;\"\n\t\t\t\t\t\t\t>G\u00fcvenli\u011finiz \n\u00d6nceli\u011fimizdir \n\t\t\t\t\t\t\t<\/rs-layer><!--\n\n\t\t\t\t\t\t\t--><a\n\t\t\t\t\t\t\t\tid=\"slider-1-slide-3-layer-3\" \n\t\t\t\t\t\t\t\tclass=\"rs-layer rev-btn\"\n\t\t\t\t\t\t\t\thref=\"https:\/\/hotlock.axiomthemes.com\/our-services\/\" target=\"_self\"\n\t\t\t\t\t\t\t\tdata-type=\"button\"\n\t\t\t\t\t\t\t\tdata-color=\"rgba(41,39,52,1)\"\n\t\t\t\t\t\t\t\tdata-xy=\"x:c;xo:322px,226px,0,0;yo:383px,400px,355px,280px;\"\n\t\t\t\t\t\t\t\tdata-text=\"s:12;l:36;ls:3px,0px,0px,0px;fw:600;a:center;\"\n\t\t\t\t\t\t\t\tdata-dim=\"w:215px,215px,215px,140px;h:60px,60px,60px,50px;\"\n\t\t\t\t\t\t\t\tdata-rsp_bd=\"off\"\n\t\t\t\t\t\t\t\tdata-padding=\"t:12,12,12,6;r:35,35,35,25;b:12,12,12,6;l:35,35,35,25;\"\n\t\t\t\t\t\t\t\tdata-frame_1=\"sp:1500;sR:10;\"\n\t\t\t\t\t\t\t\tdata-frame_999=\"o:0;st:w;sR:7480;\"\n\t\t\t\t\t\t\t\tdata-frame_hover=\"c:#fff;bgc:#292734;boc:#000;bor:0px,0px,0px,0px;bos:solid;oX:50;oY:50;sp:300ms;\"\n\t\t\t\t\t\t\t\tstyle=\"z-index:7;background-color:#ffffff;font-family:Titillium Web;text-transform:uppercase;cursor:pointer;outline:none;box-shadow:none;box-sizing:border-box;-moz-box-sizing:border-box;-webkit-box-sizing:border-box;\"\n\t\t\t\t\t\t\t>Hemen Teklif Al \n\t\t\t\t\t\t\t<\/a><!--\n-->\t\t\t\t\t\t<\/rs-slide>\n\t\t\t\t\t<\/rs-slides>\n\t\t\t\t\t<rs-progress class=\"rs-bottom\" style=\"visibility: hidden !important;\"><\/rs-progress>\n\t\t\t\t<\/rs-module>\n\t\t\t\t<script type=\"text\/javascript\">\n\t\t\t\t\tsetREVStartSize({c: 'rev_slider_1_1',rl:[1240,1024,768,480],el:[600,600,500,400],gw:[1240,1024,778,480],gh:[600,600,500,400],layout:'fullwidth',mh:\"0\"});\n\t\t\t\t\tvar\trevapi1,\n\t\t\t\t\t\ttpj;\n\t\t\t\t\tjQuery(function() {\n\t\t\t\t\t\ttpj = jQuery;\n\t\t\t\t\t\tif(tpj(\"#rev_slider_1_1\").revolution == undefined){\n\t\t\t\t\t\t\trevslider_showDoubleJqueryError(\"#rev_slider_1_1\");\n\t\t\t\t\t\t}else{\n\t\t\t\t\t\t\trevapi1 = tpj(\"#rev_slider_1_1\").show().revolution({\n\t\t\t\t\t\t\t\tjsFileLocation:\"\/\/bilimnetteknoloji.com\/wp-content\/plugins\/revslider\/public\/assets\/js\/\",\n\t\t\t\t\t\t\t\tsliderLayout:\"fullwidth\",\n\t\t\t\t\t\t\t\tduration:5000,\n\t\t\t\t\t\t\t\tvisibilityLevels:\"1240,1024,768,480\",\n\t\t\t\t\t\t\t\tgridwidth:\"1240,1024,778,480\",\n\t\t\t\t\t\t\t\tgridheight:\"600,600,500,400\",\n\t\t\t\t\t\t\t\tlazyType:\"all\",\n\t\t\t\t\t\t\t\tspinner:\"spinner3\",\n\t\t\t\t\t\t\t\teditorheight:\"600,600,500,400\",\n\t\t\t\t\t\t\t\tresponsiveLevels:\"1240,1024,768,480\",\n\t\t\t\t\t\t\t\tdisableProgressBar:\"on\",\n\t\t\t\t\t\t\t\tnavigation: {\n\t\t\t\t\t\t\t\t\tmouseScrollNavigation:false,\n\t\t\t\t\t\t\t\t\tonHoverStop:false,\n\t\t\t\t\t\t\t\t\ttouch: {\n\t\t\t\t\t\t\t\t\t\ttouchenabled:true,\n\t\t\t\t\t\t\t\t\t\ttouchOnDesktop:true,\n\t\t\t\t\t\t\t\t\t\tswipe_min_touches:50\n\t\t\t\t\t\t\t\t\t},\n\t\t\t\t\t\t\t\t\tbullets: {\n\t\t\t\t\t\t\t\t\t\tenable:true,\n\t\t\t\t\t\t\t\t\t\ttmp:\"\",\n\t\t\t\t\t\t\t\t\t\tstyle:\"custom\",\n\t\t\t\t\t\t\t\t\t\thide_onmobile:true,\n\t\t\t\t\t\t\t\t\t\thide_under:1250,\n\t\t\t\t\t\t\t\t\t\th_align:\"right\",\n\t\t\t\t\t\t\t\t\t\tv_align:\"center\",\n\t\t\t\t\t\t\t\t\t\th_offset:30,\n\t\t\t\t\t\t\t\t\t\tv_offset:0,\n\t\t\t\t\t\t\t\t\t\tdirection:\"vertical\",\n\t\t\t\t\t\t\t\t\t\tspace:\"10px\"\n\t\t\t\t\t\t\t\t\t}\n\t\t\t\t\t\t\t\t},\n\t\t\t\t\t\t\t\tscrolleffect: {\n\t\t\t\t\t\t\t\t\tset:true,\n\t\t\t\t\t\t\t\t\tfade:true,\n\t\t\t\t\t\t\t\t\tmultiplicator:1.3,\n\t\t\t\t\t\t\t\t\tmultiplicator_layers:1.3\n\t\t\t\t\t\t\t\t},\n\t\t\t\t\t\t\t\tfallbacks: {\n\t\t\t\t\t\t\t\t\tallowHTML5AutoPlayOnAndroid:true\n\t\t\t\t\t\t\t\t},\n\t\t\t\t\t\t\t});\n\t\t\t\t\t\t}\n\t\t\t\t\t\t\n\t\t\t\t\t});\n\t\t\t\t<\/script>\n\t\t\t\t<script>\n\t\t\t\t\tvar htmlDivCss = '\t#rev_slider_1_1_wrapper rs-loader.spinner3 div { background-color: #292734 !important; } ';\n\t\t\t\t\tvar htmlDiv = document.getElementById('rs-plugin-settings-inline-css');\n\t\t\t\t\tif(htmlDiv) {\n\t\t\t\t\t\thtmlDiv.innerHTML = htmlDiv.innerHTML + htmlDivCss;\n\t\t\t\t\t}else{\n\t\t\t\t\t\tvar htmlDiv = document.createElement('div');\n\t\t\t\t\t\thtmlDiv.innerHTML = '<style>' + htmlDivCss + '<\/style>';\n\t\t\t\t\t\tdocument.getElementsByTagName('head')[0].appendChild(htmlDiv.childNodes[0]);\n\t\t\t\t\t}\n\t\t\t\t<\/script>\n\t\t\t\t<script>\n\t\t\t\t\tvar htmlDivCss = unescape(\".custom.tp-bullets%20%7B%0A%7D%0A.custom.tp-bullets%3Abefore%20%7B%0A%09content%3A%27%20%27%3B%0A%09position%3Aabsolute%3B%0A%09width%3A100%25%3B%0A%09height%3A100%25%3B%0A%09background%3Atransparent%3B%0A%09padding%3A10px%3B%0A%09margin-left%3A-10px%3Bmargin-top%3A-10px%3B%0A%09box-sizing%3Acontent-box%3B%0A%7D%0A.custom%20.tp-bullet%20%7B%0A%09width%3A12px%3B%0A%09height%3A12px%3B%0A%09position%3Aabsolute%3B%0A%09background%3A%23aaa%3B%0A%20%20%20%20background%3Argba%28125%2C125%2C125%2C0.5%29%3B%0A%09cursor%3A%20pointer%3B%0A%09box-sizing%3Acontent-box%3B%0A%7D%0A.custom%20.tp-bullet%3Ahover%2C%0A.custom%20.tp-bullet.selected%20%7B%0A%09background%3Argb%28125%2C125%2C125%29%3B%0A%7D%0A.custom%20.tp-bullet-image%20%7B%0A%7D%0A.custom%20.tp-bullet-title%20%7B%0A%7D%0A%0A\");\n\t\t\t\t\tvar htmlDiv = document.getElementById('rs-plugin-settings-inline-css');\n\t\t\t\t\tif(htmlDiv) {\n\t\t\t\t\t\thtmlDiv.innerHTML = htmlDiv.innerHTML + htmlDivCss;\n\t\t\t\t\t}else{\n\t\t\t\t\t\tvar htmlDiv = document.createElement('div');\n\t\t\t\t\t\thtmlDiv.innerHTML = '<style>' + htmlDivCss + '<\/style>';\n\t\t\t\t\t\tdocument.getElementsByTagName('head')[0].appendChild(htmlDiv.childNodes[0]);\n\t\t\t\t\t}\n\t\t\t\t<\/script>\n\t\t\t\t<script>\n\t\t\t\t\tvar htmlDivCss = unescape(\"%0A%0A%0A\");\n\t\t\t\t\tvar htmlDiv = document.getElementById('rs-plugin-settings-inline-css');\n\t\t\t\t\tif(htmlDiv) {\n\t\t\t\t\t\thtmlDiv.innerHTML = htmlDiv.innerHTML + htmlDivCss;\n\t\t\t\t\t}else{\n\t\t\t\t\t\tvar htmlDiv = document.createElement('div');\n\t\t\t\t\t\thtmlDiv.innerHTML = '<style>' + htmlDivCss + '<\/style>';\n\t\t\t\t\t\tdocument.getElementsByTagName('head')[0].appendChild(htmlDiv.childNodes[0]);\n\t\t\t\t\t}\n\t\t\t\t<\/script>\n\t\t\t<\/rs-module-wrap>\n\t\t\t<!-- END REVOLUTION SLIDER -->\t\t\t<\/div>\r\n\t\t\t<\/aside><\/div>[\/vc_column][\/vc_row][vc_row full_width=&#8221;stretch_row_content_no_spaces&#8221; css_animation=&#8221;fadeIn&#8221; css=&#8221;.vc_custom_1695897066664{padding-top: 0px !important;padding-bottom: 0px !important;}&#8221;][vc_column][\/vc_column][\/vc_row][vc_row][vc_column width=&#8221;1\/2&#8243;][vc_empty_space alter_height=&#8221;medium&#8221; hide_on_mobile=&#8221;&#8221;][vc_text_separator title=&#8221;Bilimnet G\u00fcvenlik Sekt\u00f6rde 14 Y\u0131ld\u0131r G\u00fcvenle&#8230;&#8221;][vc_column_text]Bilimnet,t\u00fcm i\u015f s\u00fcre\u00e7leri boyunca a\u00e7\u0131k ileti\u015fim politikas\u0131 uygular.\u0130\u015f ile ilgili t\u00fcm konularda net ve doyurucu bilgi al\u0131rs\u0131n\u0131z. Bilimnet,istenilen hizmet veya \u00fcr\u00fcn\u00fcn olumlu ve olumsuz yanlar\u0131n\u0131 objektif \u015fekilde a\u00e7\u0131klayarak en do\u011fru tercihi yapman\u0131za yard\u0131mc\u0131 olur. Bilimnet,adil fiyat politikas\u0131 uygular.Kendi ya\u015fam d\u00f6ng\u00fcs\u00fcn\u00fc sa\u011fl\u0131kl\u0131 \u015fekilde y\u00fcr\u00fctecek oranda bir kar marj\u0131 ekleyerek optimum fiyatlar sunar. Bilimnet,komisyon usul\u00fc \u00e7al\u0131\u015fan bir arac\u0131 ki\u015fi veya firma de\u011fildir.Uzun y\u0131llard\u0131r sekt\u00f6rde yer alan,i\u015f ile ilgili t\u00fcm mali ve teknik donan\u0131ma sahip k\u00f6kl\u00fc bir firmad\u0131r. Bilimnet,sat\u0131\u015f sonras\u0131 servis ve teknik destek ekibine sahiptir.\u0130\u015f maliyeti hesaplan\u0131rken,sat\u0131\u015f sonras\u0131 hizmetlerde fiyata dahil edilir.B\u00f6ylece \u00f6ng\u00f6r\u00fclemeyen maliyetlerle kar\u015f\u0131la\u015fmazs\u0131n\u0131z. Bilimnet,taahh\u00fctlerine sad\u0131k bir firmad\u0131r.Gerek maliyet gerekse i\u015fin tamamlanma s\u00fcreleriyle ilgili sapmalar ya\u015fanmaz. Bilimnet,i\u015fini severek yapan bir ekibin ortak de\u011feridir.Mesle\u011fini d\u00fcr\u00fcst ve d\u00fczg\u00fcn yapmay\u0131,her \u015feyden \u00f6nce kendisine duydu\u011fu sayg\u0131n\u0131n yans\u0131mas\u0131 olarak g\u00f6r\u00fcr.[\/vc_column_text][vc_empty_space alter_height=&#8221;medium&#8221; hide_on_mobile=&#8221;1&#8243;][\/vc_column][vc_column width=&#8221;1\/2&#8243;][vc_empty_space alter_height=&#8221;medium&#8221; hide_on_mobile=&#8221;&#8221;][vc_empty_space alter_height=&#8221;medium&#8221; hide_on_mobile=&#8221;1&#8243;][vc_single_image image=&#8221;2065&#8243; img_size=&#8221;full&#8221; alignment=&#8221;center&#8221;][vc_empty_space alter_height=&#8221;medium&#8221; hide_on_mobile=&#8221;&#8221;][vc_empty_space alter_height=&#8221;medium&#8221; hide_on_mobile=&#8221;1&#8243;][\/vc_column][\/vc_row][vc_row full_width=&#8221;stretch_row_content&#8221; equal_height=&#8221;yes&#8221; content_placement=&#8221;middle&#8221; css=&#8221;.vc_custom_1589892334685{padding-top: 0px !important;padding-bottom: 0px !important;background-position: center !important;background-repeat: no-repeat !important;background-size: contain !important;}&#8221; el_id=&#8221;security_services&#8221;][vc_column scheme=&#8221;dark&#8221; css=&#8221;.vc_custom_1589892346864{background-image: url(https:\/\/bilimnetteknoloji.com\/wp-content\/uploads\/2017\/03\/bg_about1_01.jpg?id=610) !important;background-position: center !important;background-repeat: no-repeat !important;background-size: cover !important;}&#8221; offset=&#8221;vc_col-md-6&#8243;][vc_column_text]<\/p>\n<div class=\"wpb_text_column wpb_content_element \">\n<div class=\"wpb_wrapper\">\n<p>&nbsp;<\/p>\n<p>\u0130zlenebilir G\u00fcvenlik Hizmetleri<\/p>\n<\/div>\n<\/div>\n<div class=\"vc_row wpb_row vc_inner vc_row-fluid vc_custom_1520860267752\">\n<div class=\"security_services wpb_column vc_column_container vc_col-sm-6 sc_layouts_column_icons_position_left\">\n<div class=\"vc_column-inner \">\n<div class=\"wpb_wrapper\">\n<div class=\"wpb_text_column wpb_content_element \">\n<div class=\"wpb_wrapper\">\n<h4>Mobil \u0130zleme<br \/>\nWeb \u0130zleme<br \/>\nCms \u0130zleme<\/h4>\n<\/div>\n<\/div>\n<\/div>\n<\/div>\n<\/div>\n<div class=\"security_services wpb_column vc_column_container vc_col-sm-6 sc_layouts_column_icons_position_left\">\n<div class=\"vc_column-inner \">\n<div class=\"wpb_wrapper\">\n<div class=\"wpb_text_column wpb_content_element \">\n<div class=\"wpb_wrapper\">\n<h4>Bulut \u0130zleme<br \/>\nCanl\u0131 Yay\u0131n<br \/>\nElektronik \u0130zleme<\/h4>\n<\/div>\n<\/div>\n<\/div>\n<\/div>\n<\/div>\n<\/div>\n<p>[\/vc_column_text][vc_empty_space alter_height=&#8221;medium&#8221; hide_on_mobile=&#8221;&#8221; css=&#8221;.vc_custom_1590411793184{padding-top: 0px !important;padding-bottom: 0px !important;}&#8221;][vc_empty_space alter_height=&#8221;medium&#8221; hide_on_mobile=&#8221;1&#8243; css=&#8221;.vc_custom_1590411798307{padding-top: 0px !important;padding-bottom: 0px !important;}&#8221;][\/vc_column][vc_column css=&#8221;.vc_custom_1488794072519{background-image: url(https:\/\/bilimnetteknoloji.com\/wp-content\/uploads\/2017\/03\/bg_about1_02.jpg?id=611) !important;background-position: center !important;background-repeat: no-repeat !important;background-size: cover !important;}&#8221; offset=&#8221;vc_col-md-6&#8243;][vc_empty_space alter_height=&#8221;medium&#8221; hide_on_mobile=&#8221;&#8221; css=&#8221;.vc_custom_1590415151930{padding-top: 0px !important;padding-bottom: 0px !important;}&#8221;][vc_empty_space alter_height=&#8221;medium&#8221; hide_on_mobile=&#8221;1&#8243; css=&#8221;.vc_custom_1590411809384{padding-top: 0px !important;padding-bottom: 0px !important;}&#8221;][vc_column_text]<\/p>\n<h4>Teknik Destek Hizmetleri<br \/>\n(0216) 393 34 14<\/h4>\n<p>[\/vc_column_text][vc_empty_space alter_height=&#8221;medium&#8221; hide_on_mobile=&#8221;&#8221; css=&#8221;.vc_custom_1590411815226{padding-top: 0px !important;padding-bottom: 0px !important;}&#8221;][vc_empty_space alter_height=&#8221;medium&#8221; hide_on_mobile=&#8221;1&#8243; css=&#8221;.vc_custom_1590411819737{padding-top: 0px !important;padding-bottom: 0px !important;}&#8221;][\/vc_column][\/vc_row][vc_row full_width=&#8221;stretch_row&#8221; scheme=&#8221;dark&#8221; css=&#8221;.vc_custom_1488891657966{background-image: url(https:\/\/bilimnetteknoloji.com\/wp-content\/uploads\/2017\/01\/bg_cta2.jpg?id=240) !important;background-position: center !important;background-repeat: no-repeat !important;background-size: cover !important;}&#8221;][vc_column offset=&#8221;vc_col-md-offset-2 vc_col-md-8&#8243;][vc_empty_space alter_height=&#8221;medium&#8221; hide_on_mobile=&#8221;&#8221;][vc_empty_space alter_height=&#8221;medium&#8221; hide_on_mobile=&#8221;1&#8243;]<div  id=\"sc_action_1794407893\" \r\n\tclass=\"sc_action sc_action_default\" data-slides-min-width=\"250\"\t><div class=\"sc_action_content sc_item_content\"><div class=\"sc_action_item sc_action_item_default sc_action_item_mc\">\r\n\t\t\t<h3 class=\"sc_action_item_title\"><span>Amac\u0131m\u0131z Hayat\u0131n\u0131z\u0131 Daha G\u00fcvenli Hale Getirmek<\/span><\/h3><\/div><\/div><\/div><!-- \/.sc_action -->[vc_empty_space alter_height=&#8221;medium&#8221; hide_on_mobile=&#8221;&#8221;][vc_empty_space alter_height=&#8221;medium&#8221; hide_on_mobile=&#8221;1&#8243;][\/vc_column][\/vc_row][vc_row css=&#8221;.vc_custom_1487783279101{padding-top: 0px !important;padding-bottom: 0px !important;}&#8221;][vc_column][vc_empty_space alter_height=&#8221;medium&#8221; hide_on_mobile=&#8221;&#8221;][vc_empty_space alter_height=&#8221;medium&#8221; hide_on_mobile=&#8221;1&#8243;][\/vc_column][\/vc_row][vc_row full_width=&#8221;stretch_row_content&#8221; equal_height=&#8221;yes&#8221; row_delimiter=&#8221;&#8221; row_fixed=&#8221;&#8221; hide_on_mobile=&#8221;&#8221; hide_on_frontpage=&#8221;&#8221; css=&#8221;.vc_custom_1545828082863{padding-top: 0px !important;padding-bottom: 0px !important;}&#8221;][vc_column css=&#8221;.vc_custom_1545829839622{background-color: #fafafa !important;}&#8221; offset=&#8221;vc_col-md-6 vc_col-sm-offset-0&#8243; el_class=&#8221;title-big-side-spaces&#8221;][vc_empty_space alter_height=&#8221;medium&#8221; hide_on_mobile=&#8221;&#8221;][vc_empty_space alter_height=&#8221;medium&#8221; hide_on_mobile=&#8221;1&#8243;]<div id=\"sc_title_637175091\"\r\n\t\tclass=\"sc_title sc_title_default\"><h6 class=\"sc_item_subtitle sc_title_subtitle sc_align_default sc_item_title_style_default\">\u00dcr\u00fcnler ve Hizmetler<\/h6><h3 class=\"sc_item_title sc_title_title sc_align_default sc_item_title_style_default\">H\u0131zl\u0131, Profesyonel Ekonomik hizmetler sunuyoruz<\/h3><\/div><!-- \/.sc_title -->[vc_empty_space alter_height=&#8221;medium&#8221; hide_on_mobile=&#8221;&#8221;][vc_empty_space alter_height=&#8221;medium&#8221; hide_on_mobile=&#8221;1&#8243;][\/vc_column][vc_column offset=&#8221;vc_col-md-6&#8243; css=&#8221;.vc_custom_1545833377766{padding-right: 0px !important;padding-left: 0px !important;background-color: #292734 !important;}&#8221;][\/vc_column][\/vc_row][vc_row][vc_column][vc_column_text]<\/p>\n<h5 class=\"widget_title\">Son Eklenen Yaz\u0131lar<\/h5>\n<p>.[\/vc_column_text][\/vc_column][\/vc_row]<\/p>\n","protected":false},"excerpt":{"rendered":"<p>[vc_row css=&#8221;.vc_custom_1488450671777{padding-top: 0px !important;padding-bottom: 0px !important;}&#8221;][vc_column][\/vc_column][\/vc_row][vc_row full_width=&#8221;stretch_row_content_no_spaces&#8221; css_animation=&#8221;fadeIn&#8221; css=&#8221;.vc_custom_1695897066664{padding-top: 0px !important;padding-bottom: 0px !important;}&#8221;][vc_column][\/vc_column][\/vc_row][vc_row][vc_column width=&#8221;1\/2&#8243;][vc_empty_space alter_height=&#8221;medium&#8221; hide_on_mobile=&#8221;&#8221;][vc_text_separator title=&#8221;Bilimnet G\u00fcvenlik Sekt\u00f6rde 14 Y\u0131ld\u0131r G\u00fcvenle&#8230;&#8221;][vc_column_text]Bilimnet,t\u00fcm i\u015f s\u00fcre\u00e7leri boyunca a\u00e7\u0131k ileti\u015fim politikas\u0131 uygular.\u0130\u015f ile&hellip;<\/p>\n","protected":false},"author":1,"featured_media":0,"parent":0,"menu_order":0,"comment_status":"closed","ping_status":"closed","template":"","meta":{"footnotes":""},"class_list":["post-244","page","type-page","status-publish","hentry"],"_links":{"self":[{"href":"https:\/\/bilimnetteknoloji.com\/index.php?rest_route=\/wp\/v2\/pages\/244","targetHints":{"allow":["GET"]}}],"collection":[{"href":"https:\/\/bilimnetteknoloji.com\/index.php?rest_route=\/wp\/v2\/pages"}],"about":[{"href":"https:\/\/bilimnetteknoloji.com\/index.php?rest_route=\/wp\/v2\/types\/page"}],"author":[{"embeddable":true,"href":"https:\/\/bilimnetteknoloji.com\/index.php?rest_route=\/wp\/v2\/users\/1"}],"replies":[{"embeddable":true,"href":"https:\/\/bilimnetteknoloji.com\/index.php?rest_route=%2Fwp%2Fv2%2Fcomments&post=244"}],"version-history":[{"count":19,"href":"https:\/\/bilimnetteknoloji.com\/index.php?rest_route=\/wp\/v2\/pages\/244\/revisions"}],"predecessor-version":[{"id":2059,"href":"https:\/\/bilimnetteknoloji.com\/index.php?rest_route=\/wp\/v2\/pages\/244\/revisions\/2059"}],"wp:attachment":[{"href":"https:\/\/bilimnetteknoloji.com\/index.php?rest_route=%2Fwp%2Fv2%2Fmedia&parent=244"}],"curies":[{"name":"wp","href":"https:\/\/api.w.org\/{rel}","templated":true}]}}