{"id":2050,"date":"2025-02-26T13:29:26","date_gmt":"2025-02-26T10:29:26","guid":{"rendered":"https:\/\/bilimnetteknoloji.com\/?page_id=2050"},"modified":"2025-03-17T17:30:35","modified_gmt":"2025-03-17T14:30:35","slug":"hakkimizda","status":"publish","type":"page","link":"https:\/\/bilimnetteknoloji.com\/?page_id=2050","title":{"rendered":"Hakk\u0131m\u0131zda"},"content":{"rendered":"<p>&nbsp;<\/p><p><strong>Hakk\u0131m\u0131zda<\/strong><\/p><p>Bili\u015fim Sistemleri Dan\u0131\u015fmanl\u0131\u011f\u0131 Konusunda Faliyet G\u00f6steren firmam\u0131z 2010 y\u0131l\u0131nda kurulmu\u015ftur. Kuruldu\u011fu g\u00fcnden itibaren istikrarl\u0131 bir \u015fekilde b\u00fcy\u00fcyen i\u015fletmemiz bir\u00e7ok firma ve kurulu\u015fa Teknolojik dan\u0131\u015fmanl\u0131k ve \u00dcr\u00fcn Temini Yapmaktad\u0131r<\/p><p>Kurulu\u015fumuzun b\u00fcy\u00fcmesine temel te\u015fkil eden ana prensipleri \u015funlard\u0131r.<\/p><p>Zaman\u0131nda teslimat<br \/>Do\u011fru malzeme se\u00e7imi, kaliteli \u00fcr\u00fcn<br \/>Do\u011fru fiyatland\u0131rma<br \/>Do\u011fru tedarik\u00e7i se\u00e7imi<br \/>\u0130zlenebilir y\u00f6netim sistemi<\/p><p><strong>Kalite \u00c7al\u0131\u015fmalar\u0131<\/strong><\/p><p>Kaliteyi bir sistem yakla\u015f\u0131m\u0131 olarak prensip edinmi\u015f olan firmam\u0131z b\u00fct\u00fcn proseslerinde (y\u00f6netim dahil) m\u00fc\u015fteri istek ve beklentilerini temel girdi olarak benimsemi\u015f olup m\u00fc\u015fteri memnuniyetini en \u00fcst seviyede tutabilmek ve s\u00fcreklili\u011fini sa\u011flayabilmek i\u00e7in gerekli kalite planlar\u0131n\u0131 olu\u015fturmu\u015ftur. \u015eirketimizin sahip olmu\u015f oldu\u011fu kalite belgeleri \u015funlard\u0131r.<\/p><ul class=\"wp-block-list\"><li>ISO 9001:2008 Kalite Y\u00f6netim Sistemi<\/li><\/ul>","protected":false},"excerpt":{"rendered":"<p>&nbsp; Hakk\u0131m\u0131zda Bili\u015fim Sistemleri Dan\u0131\u015fmanl\u0131\u011f\u0131 Konusunda Faliyet G\u00f6steren firmam\u0131z 2010 y\u0131l\u0131nda kurulmu\u015ftur. Kuruldu\u011fu g\u00fcnden itibaren istikrarl\u0131 bir \u015fekilde b\u00fcy\u00fcyen i\u015fletmemiz bir\u00e7ok firma ve kurulu\u015fa Teknolojik dan\u0131\u015fmanl\u0131k ve \u00dcr\u00fcn Temini Yapmaktad\u0131r&hellip;<\/p>\n","protected":false},"author":1,"featured_media":0,"parent":0,"menu_order":0,"comment_status":"closed","ping_status":"closed","template":"","meta":{"footnotes":""},"class_list":["post-2050","page","type-page","status-publish","hentry"],"_links":{"self":[{"href":"https:\/\/bilimnetteknoloji.com\/index.php?rest_route=\/wp\/v2\/pages\/2050","targetHints":{"allow":["GET"]}}],"collection":[{"href":"https:\/\/bilimnetteknoloji.com\/index.php?rest_route=\/wp\/v2\/pages"}],"about":[{"href":"https:\/\/bilimnetteknoloji.com\/index.php?rest_route=\/wp\/v2\/types\/page"}],"author":[{"embeddable":true,"href":"https:\/\/bilimnetteknoloji.com\/index.php?rest_route=\/wp\/v2\/users\/1"}],"replies":[{"embeddable":true,"href":"https:\/\/bilimnetteknoloji.com\/index.php?rest_route=%2Fwp%2Fv2%2Fcomments&post=2050"}],"version-history":[{"count":5,"href":"https:\/\/bilimnetteknoloji.com\/index.php?rest_route=\/wp\/v2\/pages\/2050\/revisions"}],"predecessor-version":[{"id":2204,"href":"https:\/\/bilimnetteknoloji.com\/index.php?rest_route=\/wp\/v2\/pages\/2050\/revisions\/2204"}],"wp:attachment":[{"href":"https:\/\/bilimnetteknoloji.com\/index.php?rest_route=%2Fwp%2Fv2%2Fmedia&parent=2050"}],"curies":[{"name":"wp","href":"https:\/\/api.w.org\/{rel}","templated":true}]}}