{"id":205,"date":"2017-01-30T13:40:43","date_gmt":"2017-01-30T13:40:43","guid":{"rendered":"https:\/\/bilimnetteknoloji.com\/?page_id=205"},"modified":"2025-03-14T12:33:51","modified_gmt":"2025-03-14T09:33:51","slug":"our-services","status":"publish","type":"page","link":"https:\/\/bilimnetteknoloji.com\/?page_id=205","title":{"rendered":"Projeler"},"content":{"rendered":"<p>[vc_row][vc_column]<div class=\"sc_services sc_services_default\" data-slides-per-view=\"2\" data-slides-min-width=\"200\"\t\t>\r\n\t\t<div class=\"sc_services_columns sc_item_columns sc_item_columns_2 trx_addons_columns_wrap columns_padding_bottom\"><div class=\"trx_addons_column-1_2\"><div class=\"sc_services_item with_content with_number sc_services_item_featured_top\">\n\t<span class=\"sc_services_item_number\">01<\/span>\t<div class=\"sc_services_item_info\">\n\t\t<div class=\"sc_services_item_header\">\n\t\t\t<h4 class=\"sc_services_item_title\"><a href=\"https:\/\/bilimnetteknoloji.com\/?cpt_services=alarm-system\">Yang\u0131n Alg\u0131lama Sistemleri<\/a><\/h4>\n\t\t\t<div class=\"sc_services_item_subtitle\"><a href=\"https:\/\/bilimnetteknoloji.com\/?cpt_services_group=adreslenebilir-yangin-alarm-sistemi\" title=\"View all posts in Adreslenebilir Yang\u0131n Alarm Sistemi\">Adreslenebilir Yang\u0131n Alarm Sistemi<\/a>, <a href=\"https:\/\/bilimnetteknoloji.com\/?cpt_services_group=konvansiyonel-yangin-alarm-sistemi\" title=\"View all posts in Konvansiyonel Yang\u0131n Alarm Sistemi\">Konvansiyonel Yang\u0131n Alarm Sistemi<\/a>, <a href=\"https:\/\/bilimnetteknoloji.com\/?cpt_services_group=sondurme-yangin-alarm-sistemleri\" title=\"View all posts in S\u00f6nd\u00fcrme Yang\u0131n Alarm Sistemleri\">S\u00f6nd\u00fcrme Yang\u0131n Alarm Sistemleri<\/a><\/div>\n\t\t<\/div>\n\t\t\t\t\t<div class=\"sc_services_item_content\"><p>Upon request, our customers can add alarm systems to their orders for home and\/or office security.<\/p>\n<\/div>\n\t\t\t<div class=\"sc_services_item_button sc_item_button\"><a href=\"https:\/\/bilimnetteknoloji.com\/?cpt_services=alarm-system\" class=\"sc_button\">Daha Detayl\u0131 Bilgi<\/a><\/div>\n\t\t\t<\/div>\n<\/div>\n<\/div><div class=\"trx_addons_column-1_2\"><div class=\"sc_services_item with_content with_number sc_services_item_featured_top\">\n\t<span class=\"sc_services_item_number\">02<\/span>\t<div class=\"sc_services_item_info\">\n\t\t<div class=\"sc_services_item_header\">\n\t\t\t<h4 class=\"sc_services_item_title\"><a href=\"https:\/\/bilimnetteknoloji.com\/?cpt_services=security-doors\">Personel Takip Sistemleri<\/a><\/h4>\n\t\t\t<div class=\"sc_services_item_subtitle\"><a href=\"https:\/\/bilimnetteknoloji.com\/?cpt_services_group=personel-arac-takip-izleme-sistemi\" title=\"View all posts in Personel Ara\u00e7 Takip \u0130zleme Sistemi\">Personel Ara\u00e7 Takip \u0130zleme Sistemi<\/a>, <a href=\"https:\/\/bilimnetteknoloji.com\/?cpt_services_group=personel-demirbas-takip-sistemi\" title=\"View all posts in Personel Demirba\u015f Takip Sistemi\">Personel Demirba\u015f Takip Sistemi<\/a><\/div>\n\t\t<\/div>\n\t\t\t\t\t<div class=\"sc_services_item_content\"><p>Custom designed and professionally installed security doors are the best way to protect properties.<\/p>\n<\/div>\n\t\t\t<div class=\"sc_services_item_button sc_item_button\"><a href=\"https:\/\/bilimnetteknoloji.com\/?cpt_services=security-doors\" class=\"sc_button\">Daha Detayl\u0131 Bilgi<\/a><\/div>\n\t\t\t<\/div>\n<\/div>\n<\/div><div class=\"trx_addons_column-1_2\"><div class=\"sc_services_item with_content with_number sc_services_item_featured_top\">\n\t<span class=\"sc_services_item_number\">03<\/span>\t<div class=\"sc_services_item_info\">\n\t\t<div class=\"sc_services_item_header\">\n\t\t\t<h4 class=\"sc_services_item_title\"><a href=\"https:\/\/bilimnetteknoloji.com\/?cpt_services=safes-locks\">G\u00fcvenlik ve Yaz\u0131l\u0131m \u00c7\u00f6z\u00fcmleri<\/a><\/h4>\n\t\t\t<div class=\"sc_services_item_subtitle\"><a href=\"https:\/\/bilimnetteknoloji.com\/?cpt_services_group=bekci-tur-sistemleri\" title=\"View all posts in Bek\u00e7i Tur Sistemleri\">Bek\u00e7i Tur Sistemleri<\/a>, <a href=\"https:\/\/bilimnetteknoloji.com\/?cpt_services_group=garson-cagri-sistemi\" title=\"View all posts in Garson \u00c7a\u011fr\u0131 Sistemi\">Garson \u00c7a\u011fr\u0131 Sistemi<\/a>, <a href=\"https:\/\/bilimnetteknoloji.com\/?cpt_services_group=magaza-urun-koruma-sistemi\" title=\"View all posts in Ma\u011faza \u00dcr\u00fcn Koruma Sistemi\">Ma\u011faza \u00dcr\u00fcn Koruma Sistemi<\/a>, <a href=\"https:\/\/bilimnetteknoloji.com\/?cpt_services_group=ogrenci-takip-sistemi\" title=\"View all posts in \u00d6\u011frenci Takip Sistemi\">\u00d6\u011frenci Takip Sistemi<\/a>, <a href=\"https:\/\/bilimnetteknoloji.com\/?cpt_services_group=personel-devam-kontrol-sistemi\" title=\"View all posts in Personel Devam Kontrol Sistemi\">Personel Devam Kontrol Sistemi<\/a>, <a href=\"https:\/\/bilimnetteknoloji.com\/?cpt_services_group=uye-takip-sistemi\" title=\"View all posts in \u00dcye Takip Sistemi\">\u00dcye Takip Sistemi<\/a>, <a href=\"https:\/\/bilimnetteknoloji.com\/?cpt_services_group=yemekhane-takip-sistemi\" title=\"View all posts in Yemekhane Takip Sistemi\">Yemekhane Takip Sistemi<\/a><\/div>\n\t\t<\/div>\n\t\t\t\t\t<div class=\"sc_services_item_content\"><p>We work with the best products only. Check out the safes and locks that we recommend installing.<\/p>\n<\/div>\n\t\t\t<div class=\"sc_services_item_button sc_item_button\"><a href=\"https:\/\/bilimnetteknoloji.com\/?cpt_services=safes-locks\" class=\"sc_button\">Daha Detayl\u0131 Bilgi<\/a><\/div>\n\t\t\t<\/div>\n<\/div>\n<\/div><div class=\"trx_addons_column-1_2\"><div class=\"sc_services_item with_content with_number sc_services_item_featured_top\">\n\t<span class=\"sc_services_item_number\">04<\/span>\t<div class=\"sc_services_item_info\">\n\t\t<div class=\"sc_services_item_header\">\n\t\t\t<h4 class=\"sc_services_item_title\"><a href=\"https:\/\/bilimnetteknoloji.com\/?cpt_services=access-control-systems\">Ge\u00e7i\u015f Kontrol Sistemleri<\/a><\/h4>\n\t\t\t<div class=\"sc_services_item_subtitle\"><a href=\"https:\/\/bilimnetteknoloji.com\/?cpt_services_group=goz-okuma-sistemi\" title=\"View all posts in G\u00f6z Okuma Sistemi\">G\u00f6z Okuma Sistemi<\/a>, <a href=\"https:\/\/bilimnetteknoloji.com\/?cpt_services_group=kartla-okuma-gecis-sistemi\" title=\"View all posts in Kartla Okuma Ge\u00e7i\u015f Sistemi\">Kartla Okuma Ge\u00e7i\u015f Sistemi<\/a>, <a href=\"https:\/\/bilimnetteknoloji.com\/?cpt_services_group=parmak-izi-okuma-sistemi\" title=\"View all posts in Parmak \u0130zi Okuma Sistemi\">Parmak \u0130zi Okuma Sistemi<\/a>, <a href=\"https:\/\/bilimnetteknoloji.com\/?cpt_services_group=tum-servisler\" title=\"View all posts in T\u00fcm Servisler\">T\u00fcm Servisler<\/a>, <a href=\"https:\/\/bilimnetteknoloji.com\/?cpt_services_group=yuz-okuma-sistemi\" title=\"View all posts in Y\u00fcz Okuma Sistemi\">Y\u00fcz Okuma Sistemi<\/a><\/div>\n\t\t<\/div>\n\t\t\t\t\t<div class=\"sc_services_item_content\"><p>Modern electronic systems allow controlling entry &#038; access with the help of digital codes and keys.<\/p>\n<\/div>\n\t\t\t<div class=\"sc_services_item_button sc_item_button\"><a href=\"https:\/\/bilimnetteknoloji.com\/?cpt_services=access-control-systems\" class=\"sc_button\">Daha Detayl\u0131 Bilgi<\/a><\/div>\n\t\t\t<\/div>\n<\/div>\n<\/div><div class=\"trx_addons_column-1_2\"><div class=\"sc_services_item with_content with_number sc_services_item_featured_top\">\n\t<span class=\"sc_services_item_number\">05<\/span>\t<div class=\"sc_services_item_info\">\n\t\t<div class=\"sc_services_item_header\">\n\t\t\t<h4 class=\"sc_services_item_title\"><a href=\"https:\/\/bilimnetteknoloji.com\/?cpt_services=locksmith-services\">RFID \u00c7\u00f6z\u00fcmleri<\/a><\/h4>\n\t\t\t<div class=\"sc_services_item_subtitle\"><a href=\"https:\/\/bilimnetteknoloji.com\/?cpt_services_group=hizli-gecis-sistemi\" title=\"View all posts in H\u0131zl\u0131 Ge\u00e7i\u015f Sistemi\">H\u0131zl\u0131 Ge\u00e7i\u015f Sistemi<\/a>, <a href=\"https:\/\/bilimnetteknoloji.com\/?cpt_services_group=otopark-arac-giris-cikis-sistemi\" title=\"View all posts in Otopark Ara\u00e7 Giri\u015f \u00c7\u0131k\u0131\u015f Sistemi\">Otopark Ara\u00e7 Giri\u015f \u00c7\u0131k\u0131\u015f Sistemi<\/a>, <a href=\"https:\/\/bilimnetteknoloji.com\/?cpt_services_group=otopark-kollu-bariyer\" title=\"View all posts in Otopark Kollu Bariyer\">Otopark Kollu Bariyer<\/a>, <a href=\"https:\/\/bilimnetteknoloji.com\/?cpt_services_group=tum-servisler\" title=\"View all posts in T\u00fcm Servisler\">T\u00fcm Servisler<\/a><\/div>\n\t\t<\/div>\n\t\t\t\t\t<div class=\"sc_services_item_content\"><p>Professional locksmith service guarantees better protection and helps avoid any issues in the future.<\/p>\n<\/div>\n\t\t\t<div class=\"sc_services_item_button sc_item_button\"><a href=\"https:\/\/bilimnetteknoloji.com\/?cpt_services=locksmith-services\" class=\"sc_button\">Daha Detayl\u0131 Bilgi<\/a><\/div>\n\t\t\t<\/div>\n<\/div>\n<\/div><div class=\"trx_addons_column-1_2\"><div class=\"sc_services_item with_content with_number sc_services_item_featured_top\">\n\t<span class=\"sc_services_item_number\">06<\/span>\t<div class=\"sc_services_item_info\">\n\t\t<div class=\"sc_services_item_header\">\n\t\t\t<h4 class=\"sc_services_item_title\"><a href=\"https:\/\/bilimnetteknoloji.com\/?cpt_services=video-surveillance\">Kamera Sistemleri<\/a><\/h4>\n\t\t\t<div class=\"sc_services_item_subtitle\"><a href=\"https:\/\/bilimnetteknoloji.com\/?cpt_services_group=akilli-video-analiz-sistemi\" title=\"View all posts in Ak\u0131ll\u0131 Video Analiz Sistemi\">Ak\u0131ll\u0131 Video Analiz Sistemi<\/a>, <a href=\"https:\/\/bilimnetteknoloji.com\/?cpt_services_group=dvr-kayit-sistemi\" title=\"View all posts in Dvr Kay\u0131t Sistemi\">Dvr Kay\u0131t Sistemi<\/a>, <a href=\"https:\/\/bilimnetteknoloji.com\/?cpt_services_group=ip-kamera-sistemi\" title=\"View all posts in IP Kamera Sistemi\">IP Kamera Sistemi<\/a>, <a href=\"https:\/\/bilimnetteknoloji.com\/?cpt_services_group=kamera-sistemleri\" title=\"View all posts in Kamera Sistemleri\">Kamera Sistemleri<\/a>, <a href=\"https:\/\/bilimnetteknoloji.com\/?cpt_services_group=nvr-kayit-sistemi\" title=\"View all posts in Nvr Kay\u0131t Sistemi\">Nvr Kay\u0131t Sistemi<\/a>, <a href=\"https:\/\/bilimnetteknoloji.com\/?cpt_services_group=termal-kamera-ile-ates-olcme-sistemi\" title=\"View all posts in Termal Kamera \u0130le Ate\u015f \u00d6l\u00e7me Sistemi\">Termal Kamera \u0130le Ate\u015f \u00d6l\u00e7me Sistemi<\/a>, <a href=\"https:\/\/bilimnetteknoloji.com\/?cpt_services_group=tum-servisler\" title=\"View all posts in T\u00fcm Servisler\">T\u00fcm Servisler<\/a><\/div>\n\t\t<\/div>\n\t\t\t\t\t<div class=\"sc_services_item_content\"><p>To stay on the safe side, besides door locks, people often install video surveillance in their homes.<\/p>\n<\/div>\n\t\t\t<div class=\"sc_services_item_button sc_item_button\"><a href=\"https:\/\/bilimnetteknoloji.com\/?cpt_services=video-surveillance\" class=\"sc_button\">Daha Detayl\u0131 Bilgi<\/a><\/div>\n\t\t\t<\/div>\n<\/div>\n<\/div><\/div><\/div><!-- \/.sc_services -->[\/vc_column][\/vc_row]<\/p>\n","protected":false},"excerpt":{"rendered":"<p>[vc_row][vc_column][\/vc_column][\/vc_row]<\/p>\n","protected":false},"author":1,"featured_media":0,"parent":0,"menu_order":0,"comment_status":"closed","ping_status":"closed","template":"","meta":{"footnotes":""},"class_list":["post-205","page","type-page","status-publish","hentry"],"_links":{"self":[{"href":"https:\/\/bilimnetteknoloji.com\/index.php?rest_route=\/wp\/v2\/pages\/205","targetHints":{"allow":["GET"]}}],"collection":[{"href":"https:\/\/bilimnetteknoloji.com\/index.php?rest_route=\/wp\/v2\/pages"}],"about":[{"href":"https:\/\/bilimnetteknoloji.com\/index.php?rest_route=\/wp\/v2\/types\/page"}],"author":[{"embeddable":true,"href":"https:\/\/bilimnetteknoloji.com\/index.php?rest_route=\/wp\/v2\/users\/1"}],"replies":[{"embeddable":true,"href":"https:\/\/bilimnetteknoloji.com\/index.php?rest_route=%2Fwp%2Fv2%2Fcomments&post=205"}],"version-history":[{"count":19,"href":"https:\/\/bilimnetteknoloji.com\/index.php?rest_route=\/wp\/v2\/pages\/205\/revisions"}],"predecessor-version":[{"id":2207,"href":"https:\/\/bilimnetteknoloji.com\/index.php?rest_route=\/wp\/v2\/pages\/205\/revisions\/2207"}],"wp:attachment":[{"href":"https:\/\/bilimnetteknoloji.com\/index.php?rest_route=%2Fwp%2Fv2%2Fmedia&parent=205"}],"curies":[{"name":"wp","href":"https:\/\/api.w.org\/{rel}","templated":true}]}}